{"id":625,"date":"2024-09-14T19:21:44","date_gmt":"2024-09-14T19:21:44","guid":{"rendered":"https:\/\/itf-integrity.com\/?page_id=625"},"modified":"2025-08-04T16:42:22","modified_gmt":"2025-08-04T16:42:22","slug":"tkw-balance","status":"publish","type":"page","link":"https:\/\/itf-integrity.com\/?page_id=625","title":{"rendered":"TKW Balance"},"content":{"rendered":"\t\t<div data-elementor-type=\"wp-page\" data-elementor-id=\"625\" class=\"elementor elementor-625\" data-elementor-settings=\"{&quot;ha_cmc_init_switcher&quot;:&quot;no&quot;}\">\n\t\t\t\t<div class=\"elementor-element elementor-element-c9119d1 e-flex e-con-boxed wpr-particle-no wpr-jarallax-no wpr-parallax-no wpr-sticky-section-no wpr-equal-height-no e-con e-parent\" data-id=\"c9119d1\" data-element_type=\"container\" data-e-type=\"container\" data-settings=\"{&quot;_ha_eqh_enable&quot;:false}\">\n\t\t\t\t\t<div class=\"e-con-inner\">\n\t\t\t\t<div class=\"elementor-element elementor-element-25e8a3b elementor-widget elementor-widget-spacer\" data-id=\"25e8a3b\" data-element_type=\"widget\" data-e-type=\"widget\" data-widget_type=\"spacer.default\">\n\t\t\t\t<div class=\"elementor-widget-container\">\n\t\t\t\t\t\t\t<div class=\"elementor-spacer\">\n\t\t\t<div class=\"elementor-spacer-inner\"><\/div>\n\t\t<\/div>\n\t\t\t\t\t\t<\/div>\n\t\t\t\t<\/div>\n\t\t\t\t\t<\/div>\n\t\t\t\t<\/div>\n\t\t<div class=\"elementor-element elementor-element-754ae2e e-flex e-con-boxed wpr-particle-no wpr-jarallax-no wpr-parallax-no wpr-sticky-section-no wpr-equal-height-no e-con e-parent\" data-id=\"754ae2e\" data-element_type=\"container\" data-e-type=\"container\" data-settings=\"{&quot;_ha_eqh_enable&quot;:false}\">\n\t\t\t\t\t<div class=\"e-con-inner\">\n\t\t\t\t<div class=\"elementor-element elementor-element-f7fa399 eael_simple_menu_hamburger_disable_selected_menu_no eael-simple-menu-hamburger-align-right eael-hamburger--tablet elementor-widget elementor-widget-eael-simple-menu\" data-id=\"f7fa399\" data-element_type=\"widget\" data-e-type=\"widget\" data-widget_type=\"eael-simple-menu.default\">\n\t\t\t\t<div class=\"elementor-widget-container\">\n\t\t\t\t\t<style>\n                        @media screen and (max-width: 1024px) {\n                            .eael-hamburger--tablet {\n                                .eael-simple-menu-horizontal,\n                                .eael-simple-menu-vertical {\n                                    display: none;\n                                }\n                            }\n                            .eael-hamburger--tablet {\n                                .eael-simple-menu-container .eael-simple-menu-toggle {\n                                    display: block;\n                                }\n                            }\n                        }\n                        .eael-simple-menu-container.eael-simple-menu--loading > ul {\n                            display: -webkit-box !important;\n                            display: -ms-flexbox !important;\n                            display: flex !important;\n                            list-style: none !important;\n                        }\n                        .eael-simple-menu-container.eael-simple-menu--loading li ul {\n                            visibility: hidden !important;\n                            opacity: 0 !important;\n                        }\n                    <\/style>            <div data-hamburger-icon=\"&lt;svg aria-hidden=&quot;true&quot; class=&quot;e-font-icon-svg e-fas-bars&quot; viewBox=&quot;0 0 448 512&quot; xmlns=&quot;http:\/\/www.w3.org\/2000\/svg&quot;&gt;&lt;path d=&quot;M16 132h416c8.837 0 16-7.163 16-16V76c0-8.837-7.163-16-16-16H16C7.163 60 0 67.163 0 76v40c0 8.837 7.163 16 16 16zm0 160h416c8.837 0 16-7.163 16-16v-40c0-8.837-7.163-16-16-16H16c-8.837 0-16 7.163-16 16v40c0 8.837 7.163 16 16 16zm0 160h416c8.837 0 16-7.163 16-16v-40c0-8.837-7.163-16-16-16H16c-8.837 0-16 7.163-16 16v40c0 8.837 7.163 16 16 16z&quot;&gt;&lt;\/path&gt;&lt;\/svg&gt;\" data-indicator-icon=\"&lt;svg aria-hidden=&quot;true&quot; class=&quot;e-font-icon-svg e-fas-angle-down&quot; viewBox=&quot;0 0 320 512&quot; xmlns=&quot;http:\/\/www.w3.org\/2000\/svg&quot;&gt;&lt;path d=&quot;M143 352.3L7 216.3c-9.4-9.4-9.4-24.6 0-33.9l22.6-22.6c9.4-9.4 24.6-9.4 33.9 0l96.4 96.4 96.4-96.4c9.4-9.4 24.6-9.4 33.9 0l22.6 22.6c9.4 9.4 9.4 24.6 0 33.9l-136 136c-9.2 9.4-24.4 9.4-33.8 0z&quot;&gt;&lt;\/path&gt;&lt;\/svg&gt;\" data-dropdown-indicator-icon=\"&lt;svg class=&quot;e-font-icon-svg e-fas-angle-down&quot; viewBox=&quot;0 0 320 512&quot; xmlns=&quot;http:\/\/www.w3.org\/2000\/svg&quot;&gt;&lt;path d=&quot;M143 352.3L7 216.3c-9.4-9.4-9.4-24.6 0-33.9l22.6-22.6c9.4-9.4 24.6-9.4 33.9 0l96.4 96.4 96.4-96.4c9.4-9.4 24.6-9.4 33.9 0l22.6 22.6c9.4 9.4 9.4 24.6 0 33.9l-136 136c-9.2 9.4-24.4 9.4-33.8 0z&quot;&gt;&lt;\/path&gt;&lt;\/svg&gt;\" class=\"eael-simple-menu-container eael-simple-menu--loading eael-simple-menu-align-center eael-simple-menu-dropdown-align-left preset-2\" data-hamburger-breakpoints=\"{&quot;mobile&quot;:&quot;M\\u00f3vil vertical (&gt; 767px)&quot;,&quot;tablet&quot;:&quot;Tableta vertical (&gt; 1024px)&quot;,&quot;desktop&quot;:&quot;Escritorio (&gt; 2400px)&quot;,&quot;none&quot;:&quot;Ninguno&quot;}\" data-hamburger-device=\"tablet\">\n                <ul id=\"menu-menu-1\" class=\"eael-simple-menu eael-simple-menu-dropdown-animate-to-top eael-simple-menu-indicator eael-simple-menu-horizontal\"><li id=\"menu-item-205\" class=\"menu-item menu-item-type-post_type menu-item-object-page menu-item-home menu-item-205\"><a href=\"https:\/\/itf-integrity.com\/\" class=\"menu-link\">Home<\/a><\/li>\n<li id=\"menu-item-271\" class=\"menu-item menu-item-type-post_type menu-item-object-page menu-item-271\"><a href=\"https:\/\/itf-integrity.com\/?page_id=245\" class=\"menu-link\">Nosotros<\/a><\/li>\n<li id=\"menu-item-463\" class=\"menu-item menu-item-type-post_type menu-item-object-page menu-item-463\"><a href=\"https:\/\/itf-integrity.com\/?page_id=460\" class=\"menu-link\">Integrantes<\/a><\/li>\n<li id=\"menu-item-669\" class=\"menu-item menu-item-type-custom menu-item-object-custom menu-item-has-children menu-item-669\"><a aria-expanded=\"false\" href=\"#\" class=\"menu-link\">Departamentos<span role=\"button\" class=\"dropdown-menu-toggle ast-header-navigation-arrow\" tabindex=\"0\" aria-expanded=\"false\" aria-label=\"Alternar men\u00fa\" aria-haspopup=\"true\"><\/span><\/a>\n<ul class=\"sub-menu\">\n\t<li id=\"menu-item-801\" class=\"menu-item menu-item-type-post_type menu-item-object-page menu-item-801\"><a href=\"https:\/\/itf-integrity.com\/?page_id=799\" class=\"menu-link\">Do<\/a><\/li>\n\t<li id=\"menu-item-638\" class=\"menu-item menu-item-type-post_type menu-item-object-page menu-item-638\"><a href=\"https:\/\/itf-integrity.com\/?page_id=621\" class=\"menu-link\">Inclusi\u00f3n<\/a><\/li>\n\t<li id=\"menu-item-634\" class=\"menu-item menu-item-type-post_type menu-item-object-page menu-item-634\"><a href=\"https:\/\/itf-integrity.com\/?page_id=629\" class=\"menu-link\">Competencia<\/a><\/li>\n\t<li id=\"menu-item-635\" class=\"menu-item menu-item-type-post_type menu-item-object-page menu-item-635\"><a href=\"https:\/\/itf-integrity.com\/?page_id=627\" class=\"menu-link\">Tecnicas<\/a><\/li>\n\t<li id=\"menu-item-636\" class=\"menu-item menu-item-type-post_type menu-item-object-page menu-item-636\"><a href=\"https:\/\/itf-integrity.com\/?page_id=625\" class=\"menu-link\">TKD Balance<\/a><\/li>\n\t<li id=\"menu-item-633\" class=\"menu-item menu-item-type-post_type menu-item-object-page menu-item-633\"><a href=\"https:\/\/itf-integrity.com\/?page_id=631\" class=\"menu-link\">Dto de la Mujer<\/a><\/li>\n<\/ul>\n<\/li>\n<li id=\"menu-item-312\" class=\"menu-item menu-item-type-post_type menu-item-object-page menu-item-312\"><a href=\"https:\/\/itf-integrity.com\/?page_id=309\" class=\"menu-link\">Pioneros<\/a><\/li>\n<li id=\"menu-item-206\" class=\"menu-item menu-item-type-post_type menu-item-object-page menu-item-206\"><a href=\"https:\/\/itf-integrity.com\/?page_id=175\" class=\"menu-link\">Carrito<\/a><\/li>\n<li id=\"menu-item-960\" class=\"menu-item menu-item-type-custom menu-item-object-custom menu-item-has-children menu-item-960\"><a aria-expanded=\"false\" href=\"#\" class=\"menu-link\">Cursos<span role=\"button\" class=\"dropdown-menu-toggle ast-header-navigation-arrow\" tabindex=\"0\" aria-expanded=\"false\" aria-label=\"Alternar men\u00fa\" aria-haspopup=\"true\"><\/span><\/a>\n<ul class=\"sub-menu\">\n\t<li id=\"menu-item-929\" class=\"menu-item menu-item-type-post_type menu-item-object-page menu-item-929\"><a href=\"https:\/\/itf-integrity.com\/?page_id=924\" class=\"menu-link\">IBC (Curso Instructor Balance)<\/a><\/li>\n<\/ul>\n<\/li>\n<li id=\"menu-item-1013\" class=\"menu-item menu-item-type-post_type menu-item-object-page menu-item-1013\"><a href=\"https:\/\/itf-integrity.com\/?page_id=1007\" class=\"menu-link\">Biblioteca<\/a><\/li>\n<\/ul>                <button class=\"eael-simple-menu-toggle\">\n                    <span class=\"sr-only \">Men\u00fa conmutador hamburguesa<\/span>\n                    <svg aria-hidden=\"true\" class=\"e-font-icon-svg e-fas-bars\" viewBox=\"0 0 448 512\" xmlns=\"http:\/\/www.w3.org\/2000\/svg\"><path d=\"M16 132h416c8.837 0 16-7.163 16-16V76c0-8.837-7.163-16-16-16H16C7.163 60 0 67.163 0 76v40c0 8.837 7.163 16 16 16zm0 160h416c8.837 0 16-7.163 16-16v-40c0-8.837-7.163-16-16-16H16c-8.837 0-16 7.163-16 16v40c0 8.837 7.163 16 16 16zm0 160h416c8.837 0 16-7.163 16-16v-40c0-8.837-7.163-16-16-16H16c-8.837 0-16 7.163-16 16v40c0 8.837 7.163 16 16 16z\"><\/path><\/svg>                <\/button>\n            <\/div>\n            \t\t\t\t<\/div>\n\t\t\t\t<\/div>\n\t\t\t\t\t<\/div>\n\t\t\t\t<\/div>\n\t\t<div class=\"elementor-element elementor-element-b1ac964 e-flex e-con-boxed wpr-particle-no wpr-jarallax-no wpr-parallax-no wpr-sticky-section-no wpr-equal-height-no e-con e-parent\" data-id=\"b1ac964\" data-element_type=\"container\" data-e-type=\"container\" data-settings=\"{&quot;_ha_eqh_enable&quot;:false}\">\n\t\t\t\t\t<div class=\"e-con-inner\">\n\t\t\t\t<div class=\"elementor-element elementor-element-a46f408 elementor-widget elementor-widget-heading\" data-id=\"a46f408\" data-element_type=\"widget\" data-e-type=\"widget\" data-widget_type=\"heading.default\">\n\t\t\t\t<div class=\"elementor-widget-container\">\n\t\t\t\t\t<h2 class=\"elementor-heading-title elementor-size-default\">Misi\u00f3n<\/h2>\t\t\t\t<\/div>\n\t\t\t\t<\/div>\n\t\t\t\t\t<\/div>\n\t\t\t\t<\/div>\n\t\t<div class=\"elementor-element elementor-element-b8fe89c e-flex e-con-boxed wpr-particle-no wpr-jarallax-no wpr-parallax-no wpr-sticky-section-no wpr-equal-height-no e-con e-parent\" data-id=\"b8fe89c\" data-element_type=\"container\" data-e-type=\"container\" data-settings=\"{&quot;_ha_eqh_enable&quot;:false}\">\n\t\t\t\t\t<div class=\"e-con-inner\">\n\t\t\t\t<div class=\"elementor-element elementor-element-5053652 elementor-widget elementor-widget-text-editor\" data-id=\"5053652\" data-element_type=\"widget\" data-e-type=\"widget\" data-widget_type=\"text-editor.default\">\n\t\t\t\t<div class=\"elementor-widget-container\">\n\t\t\t\t\t\t\t\t\t<p><br \/>El objetivo de este departamento es lograr la inclusi\u00f3n de los adultos y adultos mayores dentro de la<br \/>ITF Integrity, brindar un especio de consulta y sost\u00e9n adecuados a los Instructores en temas<br \/>vinculados con su intervenci\u00f3n en diferentes propuestas de Taekwon-Do y gestionar favoreciendo el<br \/>mantenimiento y una clara mejora de la salud f\u00edsica y la calidad de vida de nuestros estudiantes.<\/p>\t\t\t\t\t\t\t\t<\/div>\n\t\t\t\t<\/div>\n\t\t\t\t\t<\/div>\n\t\t\t\t<\/div>\n\t\t<div class=\"elementor-element elementor-element-399d679 e-flex e-con-boxed wpr-particle-no wpr-jarallax-no wpr-parallax-no wpr-sticky-section-no wpr-equal-height-no e-con e-parent\" data-id=\"399d679\" data-element_type=\"container\" data-e-type=\"container\" data-settings=\"{&quot;_ha_eqh_enable&quot;:false}\">\n\t\t\t\t\t<div class=\"e-con-inner\">\n\t\t\t\t\t<\/div>\n\t\t\t\t<\/div>\n\t\t<div class=\"elementor-element elementor-element-8ff2679 e-flex e-con-boxed wpr-particle-no wpr-jarallax-no wpr-parallax-no wpr-sticky-section-no wpr-equal-height-no e-con e-parent\" data-id=\"8ff2679\" data-element_type=\"container\" data-e-type=\"container\" data-settings=\"{&quot;_ha_eqh_enable&quot;:false}\">\n\t\t\t\t\t<div class=\"e-con-inner\">\n\t\t\t\t<div class=\"elementor-element elementor-element-9893f0d elementor-widget elementor-widget-image\" data-id=\"9893f0d\" data-element_type=\"widget\" data-e-type=\"widget\" data-widget_type=\"image.default\">\n\t\t\t\t<div class=\"elementor-widget-container\">\n\t\t\t\t\t\t\t\t\t\t\t\t\t\t\t<img fetchpriority=\"high\" decoding=\"async\" width=\"1024\" height=\"293\" src=\"https:\/\/itf-integrity.com\/wp-content\/uploads\/2025\/07\/Sin-titulo-3.5-x-1-in-3-1024x293.png\" class=\"attachment-large size-large wp-image-906\" alt=\"\" srcset=\"https:\/\/itf-integrity.com\/wp-content\/uploads\/2025\/07\/Sin-titulo-3.5-x-1-in-3-1024x293.png 1024w, https:\/\/itf-integrity.com\/wp-content\/uploads\/2025\/07\/Sin-titulo-3.5-x-1-in-3-300x86.png 300w, https:\/\/itf-integrity.com\/wp-content\/uploads\/2025\/07\/Sin-titulo-3.5-x-1-in-3-768x219.png 768w, https:\/\/itf-integrity.com\/wp-content\/uploads\/2025\/07\/Sin-titulo-3.5-x-1-in-3.png 1050w\" sizes=\"(max-width: 1024px) 100vw, 1024px\" \/>\t\t\t\t\t\t\t\t\t\t\t\t\t\t\t<\/div>\n\t\t\t\t<\/div>\n\t\t\t\t<div class=\"elementor-element elementor-element-642d48a elementor-widget elementor-widget-text-editor\" data-id=\"642d48a\" data-element_type=\"widget\" data-e-type=\"widget\" data-widget_type=\"text-editor.default\">\n\t\t\t\t<div class=\"elementor-widget-container\">\n\t\t\t\t\t\t\t\t\t<p><span style=\"font-weight: 400;\">&nbsp;<\/span><b>SBN Pablo Carapezza&nbsp;<\/b><\/p>\n<p><b>&nbsp; &nbsp; &nbsp; Presidente&nbsp; &nbsp;&nbsp;<\/b><\/p>\n<p><\/p>\t\t\t\t\t\t\t\t<\/div>\n\t\t\t\t<\/div>\n\t\t\t\t<div class=\"elementor-element elementor-element-67b7bd4 elementor-widget elementor-widget-text-editor\" data-id=\"67b7bd4\" data-element_type=\"widget\" data-e-type=\"widget\" data-widget_type=\"text-editor.default\">\n\t\t\t\t<div class=\"elementor-widget-container\">\n\t\t\t\t\t\t\t\t\t<p><span style=\"font-weight: 400;\">Pablocarapezza@gmail.com<\/span><\/p>\t\t\t\t\t\t\t\t<\/div>\n\t\t\t\t<\/div>\n\t\t\t\t<div class=\"elementor-element elementor-element-8855dc6 elementor-widget elementor-widget-heading\" data-id=\"8855dc6\" data-element_type=\"widget\" data-e-type=\"widget\" data-widget_type=\"heading.default\">\n\t\t\t\t<div class=\"elementor-widget-container\">\n\t\t\t\t\t<h2 class=\"elementor-heading-title elementor-size-default\">Miembros<\/h2>\t\t\t\t<\/div>\n\t\t\t\t<\/div>\n\t\t\t\t<div class=\"elementor-element elementor-element-afb18b0 elementor-widget elementor-widget-image\" data-id=\"afb18b0\" data-element_type=\"widget\" data-e-type=\"widget\" data-widget_type=\"image.default\">\n\t\t\t\t<div class=\"elementor-widget-container\">\n\t\t\t\t\t\t\t\t\t\t\t\t\t\t\t<img decoding=\"async\" width=\"1024\" height=\"293\" src=\"https:\/\/itf-integrity.com\/wp-content\/uploads\/2025\/07\/Sin-titulo-3.5-x-1-in-1-1024x293.png\" class=\"attachment-large size-large wp-image-908\" alt=\"\" srcset=\"https:\/\/itf-integrity.com\/wp-content\/uploads\/2025\/07\/Sin-titulo-3.5-x-1-in-1-1024x293.png 1024w, https:\/\/itf-integrity.com\/wp-content\/uploads\/2025\/07\/Sin-titulo-3.5-x-1-in-1-300x86.png 300w, https:\/\/itf-integrity.com\/wp-content\/uploads\/2025\/07\/Sin-titulo-3.5-x-1-in-1-768x219.png 768w, https:\/\/itf-integrity.com\/wp-content\/uploads\/2025\/07\/Sin-titulo-3.5-x-1-in-1.png 1050w\" sizes=\"(max-width: 1024px) 100vw, 1024px\" \/>\t\t\t\t\t\t\t\t\t\t\t\t\t\t\t<\/div>\n\t\t\t\t<\/div>\n\t\t\t\t<div class=\"elementor-element elementor-element-75c78a3 elementor-widget elementor-widget-text-editor\" data-id=\"75c78a3\" data-element_type=\"widget\" data-e-type=\"widget\" data-widget_type=\"text-editor.default\">\n\t\t\t\t<div class=\"elementor-widget-container\">\n\t\t\t\t\t\t\t\t\t<p><b>GM Roberto Saenz Cardama<\/b><\/p>\n<p><b style=\"color: rgb(0, 0, 0); font-family: Montserrat, sans-serif; font-size: 1.17647rem; font-style: inherit;\">z<\/b><\/p>\t\t\t\t\t\t\t\t<\/div>\n\t\t\t\t<\/div>\n\t\t\t\t<div class=\"elementor-element elementor-element-a9d01c7 elementor-widget elementor-widget-text-editor\" data-id=\"a9d01c7\" data-element_type=\"widget\" data-e-type=\"widget\" data-widget_type=\"text-editor.default\">\n\t\t\t\t<div class=\"elementor-widget-container\">\n\t\t\t\t\t\t\t\t\t<p style=\"text-align: center;\">Miembro de los Grupos de Estudio del <span style=\"font-style: inherit; font-weight: inherit;\">Profesor Mariano Giraldes.<\/span><\/p>\t\t\t\t\t\t\t\t<\/div>\n\t\t\t\t<\/div>\n\t\t\t\t<div class=\"elementor-element elementor-element-36cd9bf elementor-widget elementor-widget-image\" data-id=\"36cd9bf\" data-element_type=\"widget\" data-e-type=\"widget\" data-widget_type=\"image.default\">\n\t\t\t\t<div class=\"elementor-widget-container\">\n\t\t\t\t\t\t\t\t\t\t\t\t\t\t\t<img decoding=\"async\" width=\"1024\" height=\"293\" src=\"https:\/\/itf-integrity.com\/wp-content\/uploads\/2025\/07\/Sin-titulo-3.5-x-1-in-1024x293.png\" class=\"attachment-large size-large wp-image-909\" alt=\"\" srcset=\"https:\/\/itf-integrity.com\/wp-content\/uploads\/2025\/07\/Sin-titulo-3.5-x-1-in-1024x293.png 1024w, https:\/\/itf-integrity.com\/wp-content\/uploads\/2025\/07\/Sin-titulo-3.5-x-1-in-300x86.png 300w, https:\/\/itf-integrity.com\/wp-content\/uploads\/2025\/07\/Sin-titulo-3.5-x-1-in-768x219.png 768w, https:\/\/itf-integrity.com\/wp-content\/uploads\/2025\/07\/Sin-titulo-3.5-x-1-in.png 1050w\" sizes=\"(max-width: 1024px) 100vw, 1024px\" \/>\t\t\t\t\t\t\t\t\t\t\t\t\t\t\t<\/div>\n\t\t\t\t<\/div>\n\t\t\t\t<div class=\"elementor-element elementor-element-51d8c57 elementor-widget elementor-widget-text-editor\" data-id=\"51d8c57\" data-element_type=\"widget\" data-e-type=\"widget\" data-widget_type=\"text-editor.default\">\n\t\t\t\t<div class=\"elementor-widget-container\">\n\t\t\t\t\t\t\t\t\t<p style=\"text-align: center;\"><b>SM Diego Ledesma\u00a0<\/b><\/p><p style=\"text-align: center;\"><b>\u00a0 \u00a0 Prof. Educaci\u00f3n F\u00edsica\u00a0 \u00a0<\/b><\/p>\t\t\t\t\t\t\t\t<\/div>\n\t\t\t\t<\/div>\n\t\t\t\t<div class=\"elementor-element elementor-element-3a23093 elementor-widget elementor-widget-image\" data-id=\"3a23093\" data-element_type=\"widget\" data-e-type=\"widget\" data-widget_type=\"image.default\">\n\t\t\t\t<div class=\"elementor-widget-container\">\n\t\t\t\t\t\t\t\t\t\t\t\t\t\t\t<img loading=\"lazy\" decoding=\"async\" width=\"1024\" height=\"293\" src=\"https:\/\/itf-integrity.com\/wp-content\/uploads\/2025\/07\/Sin-titulo-3.5-x-1-in-2-1024x293.png\" class=\"attachment-large size-large wp-image-907\" alt=\"\" srcset=\"https:\/\/itf-integrity.com\/wp-content\/uploads\/2025\/07\/Sin-titulo-3.5-x-1-in-2-1024x293.png 1024w, https:\/\/itf-integrity.com\/wp-content\/uploads\/2025\/07\/Sin-titulo-3.5-x-1-in-2-300x86.png 300w, https:\/\/itf-integrity.com\/wp-content\/uploads\/2025\/07\/Sin-titulo-3.5-x-1-in-2-768x219.png 768w, https:\/\/itf-integrity.com\/wp-content\/uploads\/2025\/07\/Sin-titulo-3.5-x-1-in-2.png 1050w\" sizes=\"(max-width: 1024px) 100vw, 1024px\" \/>\t\t\t\t\t\t\t\t\t\t\t\t\t\t\t<\/div>\n\t\t\t\t<\/div>\n\t\t\t\t<div class=\"elementor-element elementor-element-ea15c37 elementor-widget elementor-widget-text-editor\" data-id=\"ea15c37\" data-element_type=\"widget\" data-e-type=\"widget\" data-widget_type=\"text-editor.default\">\n\t\t\t\t<div class=\"elementor-widget-container\">\n\t\t\t\t\t\t\t\t\t<p><b> \u00a0 \u00a0M Abel Sosa<\/b><\/p><p><b>Prof. Educaci\u00f3n F\u00edsica<\/b><\/p>\t\t\t\t\t\t\t\t<\/div>\n\t\t\t\t<\/div>\n\t\t\t\t\t<\/div>\n\t\t\t\t<\/div>\n\t\t\t\t<\/div>\n\t\t","protected":false},"excerpt":{"rendered":"<p>Home Nosotros Integrantes Departamentos Do Inclusi\u00f3n Competencia Tecnicas TKD Balance Dto de la Mujer Pioneros Carrito Cursos IBC (Curso Instructor Balance) Hamburger Toggle Menu Misi\u00f3n El objetivo de este departamento es lograr la inclusi\u00f3n de los adultos y adultos mayores dentro de laITF Integrity, brindar un especio de consulta y sost\u00e9n adecuados a los Instructores en temasvinculados con su intervenci\u00f3n en diferentes propuestas de Taekwon-Do y gestionar favoreciendo elmantenimiento y una clara mejora de la salud f\u00edsica y la calidad de vida de nuestros estudiantes. &nbsp;SBN Pablo Carapezza&nbsp; &nbsp; &nbsp; &nbsp; Presidente&nbsp; &nbsp;&nbsp; Pablocarapezza@gmail.com Miembros GM Roberto Saenz Cardama z Miembro de los Grupos de Estudio del Profesor Mariano Giraldes. SM Diego Ledesma\u00a0 \u00a0 \u00a0 Prof. Educaci\u00f3n F\u00edsica\u00a0 \u00a0 \u00a0 \u00a0M Abel Sosa Prof. Educaci\u00f3n F\u00edsica<\/p>\n","protected":false},"author":1,"featured_media":0,"parent":0,"menu_order":0,"comment_status":"closed","ping_status":"closed","template":"","meta":{"site-sidebar-layout":"no-sidebar","site-content-layout":"","ast-site-content-layout":"full-width-container","site-content-style":"default","site-sidebar-style":"default","ast-global-header-display":"","ast-banner-title-visibility":"","ast-main-header-display":"","ast-hfb-above-header-display":"","ast-hfb-below-header-display":"","ast-hfb-mobile-header-display":"","site-post-title":"disabled","ast-breadcrumbs-content":"","ast-featured-img":"disabled","footer-sml-layout":"","ast-disable-related-posts":"","theme-transparent-header-meta":"","adv-header-id-meta":"","stick-header-meta":"","header-above-stick-meta":"","header-main-stick-meta":"","header-below-stick-meta":"","astra-migrate-meta-layouts":"default","ast-page-background-enabled":"default","ast-page-background-meta":{"desktop":{"background-color":"var(--ast-global-color-4)","background-image":"","background-repeat":"repeat","background-position":"center center","background-size":"auto","background-attachment":"scroll","background-type":"","background-media":"","overlay-type":"","overlay-color":"","overlay-opacity":"","overlay-gradient":""},"tablet":{"background-color":"","background-image":"","background-repeat":"repeat","background-position":"center center","background-size":"auto","background-attachment":"scroll","background-type":"","background-media":"","overlay-type":"","overlay-color":"","overlay-opacity":"","overlay-gradient":""},"mobile":{"background-color":"","background-image":"","background-repeat":"repeat","background-position":"center center","background-size":"auto","background-attachment":"scroll","background-type":"","background-media":"","overlay-type":"","overlay-color":"","overlay-opacity":"","overlay-gradient":""}},"ast-content-background-meta":{"desktop":{"background-color":"var(--ast-global-color-5)","background-image":"","background-repeat":"repeat","background-position":"center center","background-size":"auto","background-attachment":"scroll","background-type":"","background-media":"","overlay-type":"","overlay-color":"","overlay-opacity":"","overlay-gradient":""},"tablet":{"background-color":"var(--ast-global-color-5)","background-image":"","background-repeat":"repeat","background-position":"center center","background-size":"auto","background-attachment":"scroll","background-type":"","background-media":"","overlay-type":"","overlay-color":"","overlay-opacity":"","overlay-gradient":""},"mobile":{"background-color":"var(--ast-global-color-5)","background-image":"","background-repeat":"repeat","background-position":"center center","background-size":"auto","background-attachment":"scroll","background-type":"","background-media":"","overlay-type":"","overlay-color":"","overlay-opacity":"","overlay-gradient":""}},"footnotes":""},"class_list":["post-625","page","type-page","status-publish","hentry"],"_links":{"self":[{"href":"https:\/\/itf-integrity.com\/index.php?rest_route=\/wp\/v2\/pages\/625","targetHints":{"allow":["GET"]}}],"collection":[{"href":"https:\/\/itf-integrity.com\/index.php?rest_route=\/wp\/v2\/pages"}],"about":[{"href":"https:\/\/itf-integrity.com\/index.php?rest_route=\/wp\/v2\/types\/page"}],"author":[{"embeddable":true,"href":"https:\/\/itf-integrity.com\/index.php?rest_route=\/wp\/v2\/users\/1"}],"replies":[{"embeddable":true,"href":"https:\/\/itf-integrity.com\/index.php?rest_route=%2Fwp%2Fv2%2Fcomments&post=625"}],"version-history":[{"count":22,"href":"https:\/\/itf-integrity.com\/index.php?rest_route=\/wp\/v2\/pages\/625\/revisions"}],"predecessor-version":[{"id":966,"href":"https:\/\/itf-integrity.com\/index.php?rest_route=\/wp\/v2\/pages\/625\/revisions\/966"}],"wp:attachment":[{"href":"https:\/\/itf-integrity.com\/index.php?rest_route=%2Fwp%2Fv2%2Fmedia&parent=625"}],"curies":[{"name":"wp","href":"https:\/\/api.w.org\/{rel}","templated":true}]}}