{"id":924,"date":"2025-07-23T23:24:09","date_gmt":"2025-07-23T23:24:09","guid":{"rendered":"https:\/\/itf-integrity.com\/?page_id=924"},"modified":"2026-04-01T06:28:27","modified_gmt":"2026-04-01T06:28:27","slug":"ibc-curso-instructor-balance","status":"publish","type":"page","link":"https:\/\/itf-integrity.com\/?page_id=924","title":{"rendered":"IBC (Curso Instructor Balance)"},"content":{"rendered":"\t\t<div data-elementor-type=\"wp-page\" data-elementor-id=\"924\" class=\"elementor elementor-924\" data-elementor-settings=\"{&quot;ha_cmc_init_switcher&quot;:&quot;no&quot;}\">\n\t\t\t\t<div class=\"elementor-element elementor-element-5a1e721 e-flex e-con-boxed wpr-particle-no wpr-jarallax-no wpr-parallax-no wpr-sticky-section-no wpr-equal-height-no e-con e-parent\" data-id=\"5a1e721\" data-element_type=\"container\" data-e-type=\"container\" data-settings=\"{&quot;_ha_eqh_enable&quot;:false}\">\n\t\t\t\t\t<div class=\"e-con-inner\">\n\t\t\t\t<div class=\"elementor-element elementor-element-13a98dd eael_simple_menu_hamburger_disable_selected_menu_no eael-simple-menu-hamburger-align-right eael-hamburger--tablet elementor-widget elementor-widget-eael-simple-menu\" data-id=\"13a98dd\" data-element_type=\"widget\" data-e-type=\"widget\" data-widget_type=\"eael-simple-menu.default\">\n\t\t\t\t<div class=\"elementor-widget-container\">\n\t\t\t\t\t<style>\n                        @media screen and (max-width: 1024px) {\n                            .eael-hamburger--tablet {\n                                .eael-simple-menu-horizontal,\n                                .eael-simple-menu-vertical {\n                                    display: none;\n                                }\n                            }\n                            .eael-hamburger--tablet {\n                                .eael-simple-menu-container .eael-simple-menu-toggle {\n                                    display: block;\n                                }\n                            }\n                        }\n                        .eael-simple-menu-container.eael-simple-menu--loading > ul {\n                            display: -webkit-box !important;\n                            display: -ms-flexbox !important;\n                            display: flex !important;\n                            list-style: none !important;\n                        }\n                        .eael-simple-menu-container.eael-simple-menu--loading li ul {\n                            visibility: hidden !important;\n                            opacity: 0 !important;\n                        }\n                    <\/style>            <div data-hamburger-icon=\"&lt;svg aria-hidden=&quot;true&quot; class=&quot;e-font-icon-svg e-fas-bars&quot; viewBox=&quot;0 0 448 512&quot; xmlns=&quot;http:\/\/www.w3.org\/2000\/svg&quot;&gt;&lt;path d=&quot;M16 132h416c8.837 0 16-7.163 16-16V76c0-8.837-7.163-16-16-16H16C7.163 60 0 67.163 0 76v40c0 8.837 7.163 16 16 16zm0 160h416c8.837 0 16-7.163 16-16v-40c0-8.837-7.163-16-16-16H16c-8.837 0-16 7.163-16 16v40c0 8.837 7.163 16 16 16zm0 160h416c8.837 0 16-7.163 16-16v-40c0-8.837-7.163-16-16-16H16c-8.837 0-16 7.163-16 16v40c0 8.837 7.163 16 16 16z&quot;&gt;&lt;\/path&gt;&lt;\/svg&gt;\" data-indicator-icon=\"&lt;svg aria-hidden=&quot;true&quot; class=&quot;e-font-icon-svg e-fas-angle-down&quot; viewBox=&quot;0 0 320 512&quot; xmlns=&quot;http:\/\/www.w3.org\/2000\/svg&quot;&gt;&lt;path d=&quot;M143 352.3L7 216.3c-9.4-9.4-9.4-24.6 0-33.9l22.6-22.6c9.4-9.4 24.6-9.4 33.9 0l96.4 96.4 96.4-96.4c9.4-9.4 24.6-9.4 33.9 0l22.6 22.6c9.4 9.4 9.4 24.6 0 33.9l-136 136c-9.2 9.4-24.4 9.4-33.8 0z&quot;&gt;&lt;\/path&gt;&lt;\/svg&gt;\" data-dropdown-indicator-icon=\"&lt;svg class=&quot;e-font-icon-svg e-fas-angle-down&quot; viewBox=&quot;0 0 320 512&quot; xmlns=&quot;http:\/\/www.w3.org\/2000\/svg&quot;&gt;&lt;path d=&quot;M143 352.3L7 216.3c-9.4-9.4-9.4-24.6 0-33.9l22.6-22.6c9.4-9.4 24.6-9.4 33.9 0l96.4 96.4 96.4-96.4c9.4-9.4 24.6-9.4 33.9 0l22.6 22.6c9.4 9.4 9.4 24.6 0 33.9l-136 136c-9.2 9.4-24.4 9.4-33.8 0z&quot;&gt;&lt;\/path&gt;&lt;\/svg&gt;\" class=\"eael-simple-menu-container eael-simple-menu--loading eael-simple-menu-align-center eael-simple-menu-dropdown-align-left preset-2\" data-hamburger-breakpoints=\"{&quot;mobile&quot;:&quot;M\\u00f3vil vertical (&gt; 767px)&quot;,&quot;tablet&quot;:&quot;Tableta vertical (&gt; 1024px)&quot;,&quot;desktop&quot;:&quot;Escritorio (&gt; 2400px)&quot;,&quot;none&quot;:&quot;Ninguno&quot;}\" data-hamburger-device=\"tablet\">\n                <ul id=\"menu-menu-1\" class=\"eael-simple-menu eael-simple-menu-dropdown-animate-to-top eael-simple-menu-indicator eael-simple-menu-horizontal\"><li id=\"menu-item-205\" class=\"menu-item menu-item-type-post_type menu-item-object-page menu-item-home menu-item-205\"><a href=\"https:\/\/itf-integrity.com\/\" class=\"menu-link\">Home<\/a><\/li>\n<li id=\"menu-item-271\" class=\"menu-item menu-item-type-post_type menu-item-object-page menu-item-271\"><a href=\"https:\/\/itf-integrity.com\/?page_id=245\" class=\"menu-link\">Nosotros<\/a><\/li>\n<li id=\"menu-item-463\" class=\"menu-item menu-item-type-post_type menu-item-object-page menu-item-463\"><a href=\"https:\/\/itf-integrity.com\/?page_id=460\" class=\"menu-link\">Integrantes<\/a><\/li>\n<li id=\"menu-item-669\" class=\"menu-item menu-item-type-custom menu-item-object-custom menu-item-has-children menu-item-669\"><a aria-expanded=\"false\" href=\"#\" class=\"menu-link\">Departamentos<span role=\"button\" class=\"dropdown-menu-toggle ast-header-navigation-arrow\" tabindex=\"0\" aria-expanded=\"false\" aria-label=\"Alternar men\u00fa\" aria-haspopup=\"true\"><\/span><\/a>\n<ul class=\"sub-menu\">\n\t<li id=\"menu-item-801\" class=\"menu-item menu-item-type-post_type menu-item-object-page menu-item-801\"><a href=\"https:\/\/itf-integrity.com\/?page_id=799\" class=\"menu-link\">Do<\/a><\/li>\n\t<li id=\"menu-item-638\" class=\"menu-item menu-item-type-post_type menu-item-object-page menu-item-638\"><a href=\"https:\/\/itf-integrity.com\/?page_id=621\" class=\"menu-link\">Inclusi\u00f3n<\/a><\/li>\n\t<li id=\"menu-item-634\" class=\"menu-item menu-item-type-post_type menu-item-object-page menu-item-634\"><a href=\"https:\/\/itf-integrity.com\/?page_id=629\" class=\"menu-link\">Competencia<\/a><\/li>\n\t<li id=\"menu-item-635\" class=\"menu-item menu-item-type-post_type menu-item-object-page menu-item-635\"><a href=\"https:\/\/itf-integrity.com\/?page_id=627\" class=\"menu-link\">Tecnicas<\/a><\/li>\n\t<li id=\"menu-item-636\" class=\"menu-item menu-item-type-post_type menu-item-object-page menu-item-636\"><a href=\"https:\/\/itf-integrity.com\/?page_id=625\" class=\"menu-link\">TKD Balance<\/a><\/li>\n\t<li id=\"menu-item-633\" class=\"menu-item menu-item-type-post_type menu-item-object-page menu-item-633\"><a href=\"https:\/\/itf-integrity.com\/?page_id=631\" class=\"menu-link\">Dto de la Mujer<\/a><\/li>\n<\/ul>\n<\/li>\n<li id=\"menu-item-312\" class=\"menu-item menu-item-type-post_type menu-item-object-page menu-item-312\"><a href=\"https:\/\/itf-integrity.com\/?page_id=309\" class=\"menu-link\">Pioneros<\/a><\/li>\n<li id=\"menu-item-206\" class=\"menu-item menu-item-type-post_type menu-item-object-page menu-item-206\"><a href=\"https:\/\/itf-integrity.com\/?page_id=175\" class=\"menu-link\">Carrito<\/a><\/li>\n<li id=\"menu-item-960\" class=\"menu-item menu-item-type-custom menu-item-object-custom menu-item-has-children menu-item-960\"><a aria-expanded=\"false\" href=\"#\" class=\"menu-link\">Cursos<span role=\"button\" class=\"dropdown-menu-toggle ast-header-navigation-arrow\" tabindex=\"0\" aria-expanded=\"false\" aria-label=\"Alternar men\u00fa\" aria-haspopup=\"true\"><\/span><\/a>\n<ul class=\"sub-menu\">\n\t<li id=\"menu-item-929\" class=\"menu-item menu-item-type-post_type menu-item-object-page menu-item-929\"><a href=\"https:\/\/itf-integrity.com\/?page_id=924\" class=\"menu-link\">IBC (Curso Instructor Balance)<\/a><\/li>\n<\/ul>\n<\/li>\n<li id=\"menu-item-1013\" class=\"menu-item menu-item-type-post_type menu-item-object-page menu-item-1013\"><a href=\"https:\/\/itf-integrity.com\/?page_id=1007\" class=\"menu-link\">Biblioteca<\/a><\/li>\n<\/ul>                <button class=\"eael-simple-menu-toggle\">\n                    <span class=\"sr-only \">Men\u00fa conmutador hamburguesa<\/span>\n                    <svg aria-hidden=\"true\" class=\"e-font-icon-svg e-fas-bars\" viewBox=\"0 0 448 512\" xmlns=\"http:\/\/www.w3.org\/2000\/svg\"><path d=\"M16 132h416c8.837 0 16-7.163 16-16V76c0-8.837-7.163-16-16-16H16C7.163 60 0 67.163 0 76v40c0 8.837 7.163 16 16 16zm0 160h416c8.837 0 16-7.163 16-16v-40c0-8.837-7.163-16-16-16H16c-8.837 0-16 7.163-16 16v40c0 8.837 7.163 16 16 16zm0 160h416c8.837 0 16-7.163 16-16v-40c0-8.837-7.163-16-16-16H16c-8.837 0-16 7.163-16 16v40c0 8.837 7.163 16 16 16z\"><\/path><\/svg>                <\/button>\n            <\/div>\n            \t\t\t\t<\/div>\n\t\t\t\t<\/div>\n\t\t\t\t\t<\/div>\n\t\t\t\t<\/div>\n\t\t<div class=\"elementor-element elementor-element-6545e76 e-flex e-con-boxed wpr-particle-no wpr-jarallax-no wpr-parallax-no wpr-sticky-section-no wpr-equal-height-no e-con e-parent\" data-id=\"6545e76\" data-element_type=\"container\" data-e-type=\"container\" data-settings=\"{&quot;_ha_eqh_enable&quot;:false}\">\n\t\t\t\t\t<div class=\"e-con-inner\">\n\t\t\t\t<div class=\"elementor-element elementor-element-865419e elementor-widget__width-inherit elementor-widget elementor-widget-image\" data-id=\"865419e\" data-element_type=\"widget\" data-e-type=\"widget\" data-widget_type=\"image.default\">\n\t\t\t\t<div class=\"elementor-widget-container\">\n\t\t\t\t\t\t\t\t\t\t\t\t\t\t\t<img fetchpriority=\"high\" decoding=\"async\" width=\"1536\" height=\"768\" src=\"https:\/\/itf-integrity.com\/wp-content\/uploads\/2025\/08\/International-Balance-Course-1-1536x768.jpg\" class=\"attachment-1536x1536 size-1536x1536 wp-image-967\" alt=\"\" srcset=\"https:\/\/itf-integrity.com\/wp-content\/uploads\/2025\/08\/International-Balance-Course-1-1536x768.jpg 1536w, https:\/\/itf-integrity.com\/wp-content\/uploads\/2025\/08\/International-Balance-Course-1-300x150.jpg 300w, https:\/\/itf-integrity.com\/wp-content\/uploads\/2025\/08\/International-Balance-Course-1-1024x512.jpg 1024w, https:\/\/itf-integrity.com\/wp-content\/uploads\/2025\/08\/International-Balance-Course-1-768x384.jpg 768w, https:\/\/itf-integrity.com\/wp-content\/uploads\/2025\/08\/International-Balance-Course-1-2048x1024.jpg 2048w\" sizes=\"(max-width: 1536px) 100vw, 1536px\" \/>\t\t\t\t\t\t\t\t\t\t\t\t\t\t\t<\/div>\n\t\t\t\t<\/div>\n\t\t\t\t\t<\/div>\n\t\t\t\t<\/div>\n\t\t<div class=\"elementor-element elementor-element-8db946d e-flex e-con-boxed wpr-particle-no wpr-jarallax-no wpr-parallax-no wpr-sticky-section-no wpr-equal-height-no e-con e-parent\" data-id=\"8db946d\" data-element_type=\"container\" data-e-type=\"container\" data-settings=\"{&quot;_ha_eqh_enable&quot;:false}\">\n\t\t\t\t\t<div class=\"e-con-inner\">\n\t\t\t\t<div class=\"elementor-element elementor-element-f5182d7 elementor-widget__width-initial elementor-widget elementor-widget-image\" data-id=\"f5182d7\" data-element_type=\"widget\" data-e-type=\"widget\" data-widget_type=\"image.default\">\n\t\t\t\t<div class=\"elementor-widget-container\">\n\t\t\t\t\t\t\t\t\t\t\t\t\t\t\t<img decoding=\"async\" width=\"768\" height=\"960\" src=\"https:\/\/itf-integrity.com\/wp-content\/uploads\/2026\/04\/WhatsApp-Image-2026-03-31-at-23.47.22-1-768x960.jpeg\" class=\"attachment-medium_large size-medium_large wp-image-1017\" alt=\"\" srcset=\"https:\/\/itf-integrity.com\/wp-content\/uploads\/2026\/04\/WhatsApp-Image-2026-03-31-at-23.47.22-1-768x960.jpeg 768w, https:\/\/itf-integrity.com\/wp-content\/uploads\/2026\/04\/WhatsApp-Image-2026-03-31-at-23.47.22-1-240x300.jpeg 240w, https:\/\/itf-integrity.com\/wp-content\/uploads\/2026\/04\/WhatsApp-Image-2026-03-31-at-23.47.22-1-819x1024.jpeg 819w, https:\/\/itf-integrity.com\/wp-content\/uploads\/2026\/04\/WhatsApp-Image-2026-03-31-at-23.47.22-1.jpeg 1024w\" sizes=\"(max-width: 768px) 100vw, 768px\" \/>\t\t\t\t\t\t\t\t\t\t\t\t\t\t\t<\/div>\n\t\t\t\t<\/div>\n\t\t\t\t<div class=\"elementor-element elementor-element-2010813 elementor-widget elementor-widget-text-editor\" data-id=\"2010813\" data-element_type=\"widget\" data-e-type=\"widget\" data-widget_type=\"text-editor.default\">\n\t\t\t\t<div class=\"elementor-widget-container\">\n\t\t\t\t\t\t\t\t\t<p style=\"text-align: center;\"><span style=\"color: #ffffff;\">\ud83d\udd14<strong> \u00a1Llega el primer Curso Internacional<\/strong> de Instructores Taekwon-Do Balance! \ud83d\udd14<\/span><\/p><p style=\"text-align: center;\"><span style=\"color: #ffffff;\">Por primera vez, formaci\u00f3n virtual para quienes buscan evolucionar y abrir nuevas puertas ense\u00f1ando Taekwon-Do a adultos mayores.<\/span><\/p><p style=\"text-align: center;\"><span style=\"color: #ffffff;\">\ud83d\udc68\u200d\ud83c\udfeb<strong> DISERTANTES DE EXCELENCIA:<\/strong><\/span><\/p><p style=\"text-align: center;\"><strong><span style=\"color: #ffffff;\">SGM Roberto Saenz Cardama<\/span><\/strong><br \/><span style=\"color: #ffffff;\">Miembro de grupos de estudio del Prof. Mariano Giraldez<\/span><br \/><strong><span style=\"color: #ffffff;\">M Abel Sosa<\/span><\/strong><br \/><span style=\"color: #ffffff;\">Profesor de Educaci\u00f3n F\u00edsica<\/span><br \/><strong><span style=\"color: #ffffff;\">SBN Pablo Carapezza<\/span><\/strong><br \/><span style=\"color: #ffffff;\">Lic. en Psicolog\u00eda Social y en Ciencias de la Familia<\/span><br \/><span style=\"color: #ffffff;\">\ud83d\ude80 \u00bfPor qu\u00e9 sumarte?<\/span><\/p><p style=\"text-align: center;\"><span style=\"color: #ffffff;\">Expand\u00ed tu campo de acci\u00f3n profesional.<\/span><br \/><span style=\"color: #ffffff;\">Incorpor\u00e1 una nueva especialidad en tu dojang.<\/span><br \/><span style=\"color: #ffffff;\">Trabaj\u00e1 con adultos mayores de forma profesional.<\/span><br \/><span style=\"color: #ffffff;\">Contribu\u00ed a la salud y calidad de vida.<\/span><br \/><span style=\"color: #ffffff;\">\ud83d\udcc6<strong> DETALLES:<\/strong><\/span><\/p><p style=\"text-align: center;\"><span style=\"color: #ffffff;\">Inicio: 11 de abril de 2026<\/span><br \/><span style=\"color: #ffffff;\">Hora: 13:00hs (Argentina)<\/span><br \/><span style=\"color: #ffffff;\">Modalidad: 100% virtual<\/span><br \/><span style=\"color: #ffffff;\">\ud83d\udd25 \u00a1<strong>No te quedes afuera! Convertite en Instructor de Taekwon-Do Balance y sum\u00e1 valor a tu comunidad. Es tu oportunidad de marcar la diferencia y crecer profesionalmente.<\/strong><\/span><\/p><p style=\"text-align: center;\"><span style=\"color: #ffffff;\">\ud83d\udce9<strong> Consultas e inscripci\u00f3n:<\/strong><\/span><br \/><span style=\"color: #ffffff;\">Secretar\u00eda General ITFI<\/span><br \/><span style=\"color: #ffffff;\">WhatsApp: +54 9 11 5653-2401<\/span><\/p><p style=\"text-align: center;\"><span style=\"color: #ffffff;\">\ud83d\udfe9<strong> \u00a1Cupos limitados \u2013 inscribite hoy<\/strong> <strong>mismo!<\/strong><\/span><\/p>\t\t\t\t\t\t\t\t<\/div>\n\t\t\t\t<\/div>\n\t\t\t\t<div class=\"elementor-element elementor-element-790d195 elementor-widget elementor-widget-heading\" data-id=\"790d195\" data-element_type=\"widget\" data-e-type=\"widget\" data-widget_type=\"heading.default\">\n\t\t\t\t<div class=\"elementor-widget-container\">\n\t\t\t\t\t<h2 class=\"elementor-heading-title elementor-size-default\">Balance<\/h2>\t\t\t\t<\/div>\n\t\t\t\t<\/div>\n\t\t\t\t\t<\/div>\n\t\t\t\t<\/div>\n\t\t<div class=\"elementor-element elementor-element-bb495ca e-flex e-con-boxed wpr-particle-no wpr-jarallax-no wpr-parallax-no wpr-sticky-section-no wpr-equal-height-no e-con e-parent\" data-id=\"bb495ca\" data-element_type=\"container\" data-e-type=\"container\" data-settings=\"{&quot;_ha_eqh_enable&quot;:false}\">\n\t\t\t\t\t<div class=\"e-con-inner\">\n\t\t\t\t<div class=\"elementor-element elementor-element-8bed5ee elementor-widget elementor-widget-text-editor\" data-id=\"8bed5ee\" data-element_type=\"widget\" data-e-type=\"widget\" data-widget_type=\"text-editor.default\">\n\t\t\t\t<div class=\"elementor-widget-container\">\n\t\t\t\t\t\t\t\t\t<p><span style=\"font-weight: 400;\">Nuestro departamento impulsa con entusiasmo una valiosa iniciativa: integrar a personas mayores de 60 a\u00f1os en la pr\u00e1ctica del Taekwon-Do ITF, adaptando el programa t\u00e9cnico especialmente para quienes deseen comenzar a entrenar en esta etapa de la vida. El prop\u00f3sito es abrir las puertas de este arte marcial a una nueva franja etaria, atendiendo sus necesidades con un enfoque m\u00e1s personalizado y ajustado a sus capacidades.<\/span><\/p><p><span style=\"font-weight: 400;\">En la actualidad el aumento de la esperanza de vida \u2013favorecido por el desarrollo de la medicina y la incorporaci\u00f3n del ejercicio f\u00edsico -ha generado una mayor conciencia sobre la importancia del bienestar integral en la adultez mayor. Sin embargo, muchas personas dentro de esta franja etaria no encuentran actividades f\u00edsicas que se ajusten a sus intereses o condiciones, lo cual puede derivar en sentimientos de exclusi\u00f3n o falta de oportunidades.<\/span><\/p><p><span style=\"font-weight: 400;\">Ante esta realidad, el Taekwon-Do ITF Integrity se posiciona como una valiosa herramienta de transformaci\u00f3n y bienestar. A partir de este momento nuestra organizaci\u00f3n incorpora formalmente una especialidad orientada a adultos mayores, consolidando al Taekwon-Do el primer arte marcial con un programa espec\u00edfico y estructurado para esta etapa de la vida.<\/span><\/p><p><span style=\"font-weight: 400;\">Este programa est\u00e1 especialmente dise\u00f1ado para promover el desarrollo f\u00edsico y mental de las personas mayores poniendo \u00e9nfasis en el cuidado corporal, la seguridad y la progresi\u00f3n adaptada. Su prop\u00f3sito es mejorar la calidad de vida de los practicantes, abordando tanto el aspecto f\u00edsico como social a trav\u00e9s de una pr\u00e1ctica consciente y acompa\u00f1ada.<\/span><\/p><p><span style=\"font-weight: 400;\">Los ejercicios contemplados han sido elaborados para fortalecer capacidades clave que tienden a debilitarse con la edad, dentro de un marco seguro que favorece la autonom\u00eda, la confianza en uno mismo y la integraci\u00f3n social.<\/span><\/p><p><span style=\"font-weight: 400;\">La ITF Integrity se enorgullece en presentar este programa inclusivo, destinado a promover una pr\u00e1ctica marcial accesible para todos los rangos etarios ofreciendo a nuestros adultos mayores una experiencia enriquecedora, placentera y profundamente beneficiosa.<\/span><\/p>\t\t\t\t\t\t\t\t<\/div>\n\t\t\t\t<\/div>\n\t\t\t\t\t<\/div>\n\t\t\t\t<\/div>\n\t\t<div class=\"elementor-element elementor-element-475b05f e-con-full e-flex wpr-particle-no wpr-jarallax-no wpr-parallax-no wpr-sticky-section-no wpr-equal-height-no e-con e-parent\" data-id=\"475b05f\" data-element_type=\"container\" data-e-type=\"container\" data-settings=\"{&quot;_ha_eqh_enable&quot;:false}\">\n\t\t\t\t<\/div>\n\t\t\t\t<\/div>\n\t\t","protected":false},"excerpt":{"rendered":"<p>Home Nosotros Integrantes Departamentos Do Inclusi\u00f3n Competencia Tecnicas TKD Balance Dto de la Mujer Pioneros Carrito Cursos IBC (Curso Instructor Balance) Biblioteca Hamburger Toggle Menu &#x1f514; \u00a1Llega el primer Curso Internacional de Instructores Taekwon-Do Balance! &#x1f514; Por primera vez, formaci\u00f3n virtual para quienes buscan evolucionar y abrir nuevas puertas ense\u00f1ando Taekwon-Do a adultos mayores. &#x1f468;&#x200d;&#x1f3eb; DISERTANTES DE EXCELENCIA: SGM Roberto Saenz CardamaMiembro de grupos de estudio del Prof. Mariano GiraldezM Abel SosaProfesor de Educaci\u00f3n F\u00edsicaSBN Pablo CarapezzaLic. en Psicolog\u00eda Social y en Ciencias de la Familia&#x1f680; \u00bfPor qu\u00e9 sumarte? Expand\u00ed tu campo de acci\u00f3n profesional.Incorpor\u00e1 una nueva especialidad en tu dojang.Trabaj\u00e1 con adultos mayores de forma profesional.Contribu\u00ed a la salud y calidad de vida.&#x1f4c6; DETALLES: Inicio: 11 de abril de 2026Hora: 13:00hs (Argentina)Modalidad: 100% virtual&#x1f525; \u00a1No te quedes afuera! Convertite en Instructor de Taekwon-Do Balance y sum\u00e1 valor a tu comunidad. Es tu oportunidad de marcar la diferencia y crecer profesionalmente. &#x1f4e9; Consultas e inscripci\u00f3n:Secretar\u00eda General ITFIWhatsApp: +54 9 11 5653-2401 &#x1f7e9; \u00a1Cupos limitados \u2013 inscribite hoy mismo! Balance Nuestro departamento impulsa con entusiasmo una valiosa iniciativa: integrar a personas mayores de 60 a\u00f1os en la pr\u00e1ctica del Taekwon-Do ITF, adaptando el programa t\u00e9cnico especialmente para quienes deseen comenzar a entrenar en esta etapa de la vida. El prop\u00f3sito es abrir las puertas de este arte marcial a una nueva franja etaria, atendiendo sus necesidades con un enfoque m\u00e1s personalizado y ajustado a sus capacidades. En la actualidad el aumento de la esperanza de vida \u2013favorecido por el desarrollo de la medicina y la incorporaci\u00f3n del ejercicio f\u00edsico -ha generado una mayor conciencia sobre la importancia del bienestar integral en la adultez mayor. Sin embargo, muchas personas dentro de esta franja etaria no encuentran actividades f\u00edsicas que se ajusten a sus intereses o condiciones, lo cual puede derivar en sentimientos de exclusi\u00f3n o falta de oportunidades. Ante esta realidad, el Taekwon-Do ITF Integrity se posiciona como una valiosa herramienta de transformaci\u00f3n y bienestar. A partir de este momento nuestra organizaci\u00f3n incorpora formalmente una especialidad orientada a adultos mayores, consolidando al Taekwon-Do el primer arte marcial con un programa espec\u00edfico y estructurado para esta etapa de la vida. Este programa est\u00e1 especialmente dise\u00f1ado para promover el desarrollo f\u00edsico y mental de las personas mayores poniendo \u00e9nfasis en el cuidado corporal, la seguridad y la progresi\u00f3n adaptada. Su prop\u00f3sito es mejorar la calidad de vida de los practicantes, abordando tanto el aspecto f\u00edsico como social a trav\u00e9s de una pr\u00e1ctica consciente y acompa\u00f1ada. Los ejercicios contemplados han sido elaborados para fortalecer capacidades clave que tienden a debilitarse con la edad, dentro de un marco seguro que favorece la autonom\u00eda, la confianza en uno mismo y la integraci\u00f3n social. La ITF Integrity se enorgullece en presentar este programa inclusivo, destinado a promover una pr\u00e1ctica marcial accesible para todos los rangos etarios ofreciendo a nuestros adultos mayores una experiencia enriquecedora, placentera y profundamente beneficiosa.<\/p>\n","protected":false},"author":1,"featured_media":0,"parent":0,"menu_order":0,"comment_status":"closed","ping_status":"closed","template":"","meta":{"site-sidebar-layout":"no-sidebar","site-content-layout":"","ast-site-content-layout":"full-width-container","site-content-style":"default","site-sidebar-style":"default","ast-global-header-display":"","ast-banner-title-visibility":"","ast-main-header-display":"","ast-hfb-above-header-display":"","ast-hfb-below-header-display":"","ast-hfb-mobile-header-display":"","site-post-title":"disabled","ast-breadcrumbs-content":"","ast-featured-img":"disabled","footer-sml-layout":"","ast-disable-related-posts":"","theme-transparent-header-meta":"","adv-header-id-meta":"","stick-header-meta":"","header-above-stick-meta":"","header-main-stick-meta":"","header-below-stick-meta":"","astra-migrate-meta-layouts":"default","ast-page-background-enabled":"default","ast-page-background-meta":{"desktop":{"background-color":"var(--ast-global-color-4)","background-image":"","background-repeat":"repeat","background-position":"center center","background-size":"auto","background-attachment":"scroll","background-type":"","background-media":"","overlay-type":"","overlay-color":"","overlay-opacity":"","overlay-gradient":""},"tablet":{"background-color":"","background-image":"","background-repeat":"repeat","background-position":"center center","background-size":"auto","background-attachment":"scroll","background-type":"","background-media":"","overlay-type":"","overlay-color":"","overlay-opacity":"","overlay-gradient":""},"mobile":{"background-color":"","background-image":"","background-repeat":"repeat","background-position":"center center","background-size":"auto","background-attachment":"scroll","background-type":"","background-media":"","overlay-type":"","overlay-color":"","overlay-opacity":"","overlay-gradient":""}},"ast-content-background-meta":{"desktop":{"background-color":"var(--ast-global-color-5)","background-image":"","background-repeat":"repeat","background-position":"center center","background-size":"auto","background-attachment":"scroll","background-type":"","background-media":"","overlay-type":"","overlay-color":"","overlay-opacity":"","overlay-gradient":""},"tablet":{"background-color":"var(--ast-global-color-5)","background-image":"","background-repeat":"repeat","background-position":"center center","background-size":"auto","background-attachment":"scroll","background-type":"","background-media":"","overlay-type":"","overlay-color":"","overlay-opacity":"","overlay-gradient":""},"mobile":{"background-color":"var(--ast-global-color-5)","background-image":"","background-repeat":"repeat","background-position":"center center","background-size":"auto","background-attachment":"scroll","background-type":"","background-media":"","overlay-type":"","overlay-color":"","overlay-opacity":"","overlay-gradient":""}},"footnotes":""},"class_list":["post-924","page","type-page","status-publish","hentry"],"_links":{"self":[{"href":"https:\/\/itf-integrity.com\/index.php?rest_route=\/wp\/v2\/pages\/924","targetHints":{"allow":["GET"]}}],"collection":[{"href":"https:\/\/itf-integrity.com\/index.php?rest_route=\/wp\/v2\/pages"}],"about":[{"href":"https:\/\/itf-integrity.com\/index.php?rest_route=\/wp\/v2\/types\/page"}],"author":[{"embeddable":true,"href":"https:\/\/itf-integrity.com\/index.php?rest_route=\/wp\/v2\/users\/1"}],"replies":[{"embeddable":true,"href":"https:\/\/itf-integrity.com\/index.php?rest_route=%2Fwp%2Fv2%2Fcomments&post=924"}],"version-history":[{"count":18,"href":"https:\/\/itf-integrity.com\/index.php?rest_route=\/wp\/v2\/pages\/924\/revisions"}],"predecessor-version":[{"id":1024,"href":"https:\/\/itf-integrity.com\/index.php?rest_route=\/wp\/v2\/pages\/924\/revisions\/1024"}],"wp:attachment":[{"href":"https:\/\/itf-integrity.com\/index.php?rest_route=%2Fwp%2Fv2%2Fmedia&parent=924"}],"curies":[{"name":"wp","href":"https:\/\/api.w.org\/{rel}","templated":true}]}}